{"id":21,"date":"2023-11-09T16:30:00","date_gmt":"2023-11-09T15:30:00","guid":{"rendered":"https:\/\/klimaschutz-frankfurt.de\/leichte-sprache\/?page_id=21"},"modified":"2024-03-27T16:42:30","modified_gmt":"2024-03-27T15:42:30","slug":"das-koennen-wir-alle-tun","status":"publish","type":"page","link":"https:\/\/klimaschutz-frankfurt.de\/leichte-sprache\/das-koennen-wir-alle-tun\/","title":{"rendered":"Das k\u00f6nnen wir alle tun"},"content":{"rendered":"\n<h1 class=\"wp-block-heading\">Tipps zum Klima-Schutz:<br>Das k\u00f6nnen wir alle tun.<\/h1>\n\n\n\n<div class=\"wp-block-columns is-layout-flex wp-container-core-columns-is-layout-9d6595d7 wp-block-columns-is-layout-flex\">\n<div class=\"wp-block-column is-layout-flow wp-block-column-is-layout-flow\">\n<p><strong>Wir alle k\u00f6nnen helfen beim Schutz von unserer Welt.<\/strong><\/p>\n\n\n\n<p>Zum Beispiel:<\/p>\n\n\n\n<ul class=\"wp-block-list\">\n<li>Wir k\u00f6nnen Strom sparen.<\/li>\n\n\n\n<li>Wir k\u00f6nnen Wasser sparen.<\/li>\n\n\n\n<li>Wir k\u00f6nnen klima-freundlich k\u00fchlen im Sommer.<\/li>\n\n\n\n<li>Wir k\u00f6nnen klima-freundlich w\u00e4rmen im Winter.<\/li>\n<\/ul>\n<\/div>\n\n\n\n<div class=\"wp-block-column is-layout-flow wp-block-column-is-layout-flow\">\n<figure class=\"wp-block-gallery has-nested-images columns-default wp-block-gallery-1 is-layout-flex wp-block-gallery-is-layout-flex\">\n<figure class=\"wp-block-image size-full\"><a href=\"https:\/\/klimaschutz-frankfurt.de\/leichte-sprache\/wp-content\/uploads\/sites\/3\/2024\/03\/klima-schuetzen-blatt-gruene-energie-illustration.jpg\"><img loading=\"lazy\" decoding=\"async\" width=\"1920\" height=\"1103\" data-id=\"212\" src=\"https:\/\/klimaschutz-frankfurt.de\/leichte-sprache\/wp-content\/uploads\/sites\/3\/2024\/03\/klima-schuetzen-blatt-gruene-energie-illustration.jpg\" alt=\"\" class=\"wp-image-212\" srcset=\"https:\/\/klimaschutz-frankfurt.de\/leichte-sprache\/wp-content\/uploads\/sites\/3\/2024\/03\/klima-schuetzen-blatt-gruene-energie-illustration.jpg 1920w, https:\/\/klimaschutz-frankfurt.de\/leichte-sprache\/wp-content\/uploads\/sites\/3\/2024\/03\/klima-schuetzen-blatt-gruene-energie-illustration-768x441.jpg 768w, https:\/\/klimaschutz-frankfurt.de\/leichte-sprache\/wp-content\/uploads\/sites\/3\/2024\/03\/klima-schuetzen-blatt-gruene-energie-illustration-1536x882.jpg 1536w\" sizes=\"auto, (max-width: 1920px) 100vw, 1920px\" \/><\/a><\/figure>\n<\/figure>\n<\/div>\n<\/div>\n\n\n\n<div class=\"wp-block-columns is-layout-flex wp-container-core-columns-is-layout-9d6595d7 wp-block-columns-is-layout-flex\">\n<div class=\"wp-block-column is-layout-flow wp-block-column-is-layout-flow\">\n<p>Jede einzelne Person muss <strong>nicht viel<\/strong> tun.<\/p>\n\n\n\n<p>Ein bisschen was reicht schon.<\/p>\n\n\n\n<p>Aber viele Menschen k\u00f6nnen zusammen<br>ein bisschen was tun.<\/p>\n\n\n\n<p>Dann ist es auf einmal viel.<\/p>\n\n\n\n<p>Das ist gut f\u00fcr unser Klima.<\/p>\n\n\n\n<p>Das ist gut f\u00fcr unsere Erde.<\/p>\n\n\n\n<p>Das ist gut f\u00fcr alle Menschen.<\/p>\n<\/div>\n\n\n\n<div class=\"wp-block-column is-layout-flow wp-block-column-is-layout-flow\">\n<figure class=\"wp-block-gallery has-nested-images columns-default wp-block-gallery-2 is-layout-flex wp-block-gallery-is-layout-flex\">\n<figure class=\"wp-block-image size-large\"><a href=\"https:\/\/klimaschutz-frankfurt.de\/leichte-sprache\/wp-content\/uploads\/sites\/3\/2023\/11\/Foto_Glaskugel.jpg\"><img loading=\"lazy\" decoding=\"async\" width=\"1200\" height=\"800\" data-id=\"68\" src=\"https:\/\/klimaschutz-frankfurt.de\/leichte-sprache\/wp-content\/uploads\/sites\/3\/2023\/11\/Foto_Glaskugel.jpg\" alt=\"\" class=\"wp-image-68\" srcset=\"https:\/\/klimaschutz-frankfurt.de\/leichte-sprache\/wp-content\/uploads\/sites\/3\/2023\/11\/Foto_Glaskugel.jpg 1200w, https:\/\/klimaschutz-frankfurt.de\/leichte-sprache\/wp-content\/uploads\/sites\/3\/2023\/11\/Foto_Glaskugel-768x512.jpg 768w\" sizes=\"auto, (max-width: 1200px) 100vw, 1200px\" \/><\/a><\/figure>\n<\/figure>\n<\/div>\n<\/div>\n\n\n\n<div class=\"wp-block-columns is-layout-flex wp-container-core-columns-is-layout-9d6595d7 wp-block-columns-is-layout-flex\">\n<div class=\"wp-block-column is-layout-flow wp-block-column-is-layout-flow\">\n<p><strong>So k\u00f6nnen wir alle zusammen etwas f\u00fcr unser Klima tun.<\/strong><\/p>\n\n\n\n<p>Hier anklicken. Dann kommen die Tipps vom Klima-Referat:<br><a href=\"https:\/\/klimaschutz-frankfurt.de\/leichte-sprache\/strom-sparen\/\" data-type=\"page\" data-id=\"31\">Das ist klima-freundlich: Tipps zum Strom-Sparen<\/a><\/p>\n\n\n\n<p>Hier anklicken. Dann kommen die Tipps vom Klima-Referat:<br><a href=\"https:\/\/klimaschutz-frankfurt.de\/leichte-sprache\/wasser-sparen\/\" data-type=\"page\" data-id=\"33\">Das ist klima-freundlich: Tipps zum Wasser-Sparen<\/a><\/p>\n\n\n\n<p>Hier anklicken. Dann kommen die Tipps vom Klima-Referat:<br><a href=\"https:\/\/klimaschutz-frankfurt.de\/leichte-sprache\/kuehlen-im-sommer\/\" data-type=\"page\" data-id=\"27\">Das ist klima-freundlich: Tipps zum K\u00fchlen im Sommer<\/a><\/p>\n\n\n\n<p>Hier anklicken. Dann kommen die Tipps vom Klima-Referat:<br><a href=\"https:\/\/klimaschutz-frankfurt.de\/leichte-sprache\/waermen-im-winter\/\" data-type=\"page\" data-id=\"29\">Das ist klima-freundlich: Tipps zum W\u00e4rmen im Winter<\/a><\/p>\n<\/div>\n\n\n\n<div class=\"wp-block-column is-layout-flow wp-block-column-is-layout-flow\"><\/div>\n<\/div>\n","protected":false},"excerpt":{"rendered":"<p>Tipps zum Klima-Schutz:Das k\u00f6nnen wir alle tun. Wir alle k\u00f6nnen helfen beim Schutz von unserer Welt. Zum Beispiel: Jede einzelne Person muss nicht viel tun. Ein bisschen was reicht schon. Aber viele Menschen k\u00f6nnen zusammenein bisschen was tun. Dann ist es auf einmal viel. Das ist gut f\u00fcr unser Klima. Das ist gut f\u00fcr unsere [&hellip;]<\/p>\n","protected":false},"author":1,"featured_media":0,"parent":0,"menu_order":0,"comment_status":"closed","ping_status":"closed","template":"","meta":{"_acf_changed":false,"footnotes":""},"class_list":["post-21","page","type-page","status-publish","hentry"],"acf":[],"featured_image_src":null,"publishpress_future_action":{"enabled":false,"date":"2026-05-11 10:46:39","action":"change-status","newStatus":"draft","terms":[],"taxonomy":"","extraData":[]},"publishpress_future_workflow_manual_trigger":{"enabledWorkflows":[]},"_links":{"self":[{"href":"https:\/\/klimaschutz-frankfurt.de\/leichte-sprache\/wp-json\/wp\/v2\/pages\/21","targetHints":{"allow":["GET"]}}],"collection":[{"href":"https:\/\/klimaschutz-frankfurt.de\/leichte-sprache\/wp-json\/wp\/v2\/pages"}],"about":[{"href":"https:\/\/klimaschutz-frankfurt.de\/leichte-sprache\/wp-json\/wp\/v2\/types\/page"}],"author":[{"embeddable":true,"href":"https:\/\/klimaschutz-frankfurt.de\/leichte-sprache\/wp-json\/wp\/v2\/users\/1"}],"replies":[{"embeddable":true,"href":"https:\/\/klimaschutz-frankfurt.de\/leichte-sprache\/wp-json\/wp\/v2\/comments?post=21"}],"version-history":[{"count":8,"href":"https:\/\/klimaschutz-frankfurt.de\/leichte-sprache\/wp-json\/wp\/v2\/pages\/21\/revisions"}],"predecessor-version":[{"id":235,"href":"https:\/\/klimaschutz-frankfurt.de\/leichte-sprache\/wp-json\/wp\/v2\/pages\/21\/revisions\/235"}],"wp:attachment":[{"href":"https:\/\/klimaschutz-frankfurt.de\/leichte-sprache\/wp-json\/wp\/v2\/media?parent=21"}],"curies":[{"name":"wp","href":"https:\/\/api.w.org\/{rel}","templated":true}]}}